{"id":1625,"date":"2024-10-25T17:03:48","date_gmt":"2024-10-25T15:03:48","guid":{"rendered":"https:\/\/beta.euroobjekt.com\/politica-de-privacidad\/"},"modified":"2024-12-08T18:46:58","modified_gmt":"2024-12-08T17:46:58","slug":"politica-de-privacidad","status":"publish","type":"page","link":"https:\/\/www.euroobjekt.com\/es\/politica-de-privacidad\/","title":{"rendered":"Pol\u00edtica de privacidad"},"content":{"rendered":"\t\t<div data-elementor-type=\"wp-page\" data-elementor-id=\"1625\" class=\"elementor elementor-1625 elementor-3\" data-elementor-post-type=\"page\">\n\t\t\t\t<div class=\"elementor-element elementor-element-ea214ce e-flex e-con-boxed e-con e-parent\" data-id=\"ea214ce\" data-element_type=\"container\" data-e-type=\"container\">\n\t\t\t\t\t<div class=\"e-con-inner\">\n\t\t\t\t<div class=\"elementor-element elementor-element-b424fa2 elementor-widget elementor-widget-heading\" data-id=\"b424fa2\" data-element_type=\"widget\" data-e-type=\"widget\" data-widget_type=\"heading.default\">\n\t\t\t\t<div class=\"elementor-widget-container\">\n\t\t\t\t\t<h2 class=\"elementor-heading-title elementor-size-default\">Declaraci\u00f3n de protecci\u00f3n de datos<\/h2>\t\t\t\t<\/div>\n\t\t\t\t<\/div>\n\t\t\t\t<div class=\"elementor-element elementor-element-bc8b718 elementor-widget elementor-widget-text-editor\" data-id=\"bc8b718\" data-element_type=\"widget\" data-e-type=\"widget\" data-widget_type=\"text-editor.default\">\n\t\t\t\t<div class=\"elementor-widget-container\">\n\t\t\t\t\t\t\t\t\t<p>Gracias por tu inter\u00e9s en nuestra empresa. La protecci\u00f3n de datos tiene una prioridad especialmente alta para nuestra empresa. Por lo general, es posible utilizar nuestro sitio web sin facilitar datos personales. Sin embargo, si un interesado desea hacer uso de servicios especiales de nuestra empresa a trav\u00e9s de nuestro sitio web, puede ser necesario procesar datos personales. Si el tratamiento de datos personales es necesario, generalmente obtenemos el consentimiento del interesado.    <\/p>\n<p>El tratamiento de datos personales, como el nombre, la direcci\u00f3n, la direcci\u00f3n de correo electr\u00f3nico o el n\u00famero de tel\u00e9fono de un interesado, se realiza siempre de conformidad con la GDPR y de acuerdo con la normativa de protecci\u00f3n de datos espec\u00edfica del pa\u00eds aplicable a nuestra empresa. Mediante esta declaraci\u00f3n de protecci\u00f3n de datos, nuestra empresa desea informar a los interesados de sus derechos. <\/p>\n<p>Como responsables del tratamiento, hemos aplicado numerosas medidas t\u00e9cnicas y organizativas para garantizar que los datos personales procesados a trav\u00e9s de este sitio web y nuestro tr\u00e1fico de correo electr\u00f3nico est\u00e9n protegidos de la forma m\u00e1s completa posible. No obstante, las transmisiones de datos a trav\u00e9s de Internet pueden presentar, por lo general, lagunas de seguridad, por lo que no puede garantizarse una protecci\u00f3n absoluta. Por este motivo, todo interesado es libre de transmitirnos sus datos personales por medios alternativos, por ejemplo, por tel\u00e9fono.  <\/p>\n<ol>\n<li>\n<h3 class=\"fusion-responsive-typography-calculated\" data-fontsize=\"18\" data-lineheight=\"27px\">Definiciones<\/h3>\n<\/li>\n<\/ol>\n<p>La declaraci\u00f3n de protecci\u00f3n de datos se basa en los t\u00e9rminos utilizados por el legislador europeo para la adopci\u00f3n del Reglamento General de Protecci\u00f3n de Datos (RGPD). Nuestra pol\u00edtica de privacidad debe ser f\u00e1cil de leer y comprender tanto para el p\u00fablico como para nuestros clientes y socios comerciales. Para asegurarnos de ello, nos gustar\u00eda explicar de antemano la terminolog\u00eda utilizada.  <\/p>\n<p>Utilizamos los siguientes t\u00e9rminos, entre otros, en esta pol\u00edtica de privacidad:<\/p>\n<p>a) Datos personales Por datos personales se entiende cualquier informaci\u00f3n relativa a una persona f\u00edsica identificada o identificable (en lo sucesivo, \u00abinteresado\u00bb). Una persona f\u00edsica identificable es aquella que puede ser identificada, directa o indirectamente, en particular por referencia a un identificador como un nombre, un n\u00famero de identificaci\u00f3n, datos de localizaci\u00f3n, un identificador en l\u00ednea o a uno o m\u00e1s factores espec\u00edficos de la identidad f\u00edsica, fisiol\u00f3gica, gen\u00e9tica, mental, econ\u00f3mica, cultural o social de dicha persona f\u00edsica. <\/p>\n<p>b) Interesado Un interesado es toda persona f\u00edsica identificada o identificable cuyos datos personales son tratados por el responsable del tratamiento.<\/p>\n<p>c) Tratamiento Se entender\u00e1 por tratamiento cualquier operaci\u00f3n o conjunto de operaciones, efectuadas o no mediante procedimientos automatizados, que se realicen con datos de car\u00e1cter personal o con conjuntos de datos de car\u00e1cter personal, como la recogida, registro, organizaci\u00f3n, estructuraci\u00f3n, conservaci\u00f3n, elaboraci\u00f3n o modificaci\u00f3n, extracci\u00f3n, consulta, utilizaci\u00f3n, comunicaci\u00f3n por transmisi\u00f3n, difusi\u00f3n o cualquier otra forma de habilitaci\u00f3n de acceso, cotejo o interconexi\u00f3n, limitaci\u00f3n, supresi\u00f3n o destrucci\u00f3n.<\/p>\n<p>d) Restricci\u00f3n del tratamiento La restricci\u00f3n del tratamiento consiste en marcar los datos personales almacenados con el fin de restringir su tratamiento futuro.<\/p>\n<p>e) Elaboraci\u00f3n de perfiles Por elaboraci\u00f3n de perfiles se entiende cualquier forma de tratamiento automatizado de datos personales consistente en el uso de datos personales para evaluar determinados aspectos personales relativos a una persona f\u00edsica, en particular para analizar o predecir aspectos relativos al rendimiento laboral, la situaci\u00f3n econ\u00f3mica, la salud, las preferencias personales, los intereses, la fiabilidad, el comportamiento, la ubicaci\u00f3n o los movimientos de dicha persona f\u00edsica.<\/p>\n<p>f) Seudonimizaci\u00f3n La seudonimizaci\u00f3n es el tratamiento de datos personales de tal forma que los datos personales ya no puedan atribuirse a un interesado concreto sin utilizar informaci\u00f3n adicional, siempre que dicha informaci\u00f3n adicional se conserve por separado y est\u00e9 sujeta a medidas t\u00e9cnicas y organizativas que garanticen que los datos personales no se atribuyen a una persona f\u00edsica identificada o identificable.<\/p>\n<p>g) Responsable o encargado del tratamiento Responsable o encargado del tratamiento es la persona f\u00edsica o jur\u00eddica, autoridad p\u00fablica, servicio u otro organismo que, solo o conjuntamente con otros, determina los fines y los medios del tratamiento de datos personales. Cuando los fines y los medios de dicho tratamiento est\u00e9n determinados por el Derecho de la Uni\u00f3n o de los Estados miembros, el responsable del tratamiento o los criterios espec\u00edficos para su designaci\u00f3n podr\u00e1n estar previstos por el Derecho de la Uni\u00f3n o de los Estados miembros. <\/p>\n<p>h) Encargado del tratamiento El encargado del tratamiento es una persona f\u00edsica o jur\u00eddica, autoridad p\u00fablica, agencia u otro organismo que trata datos personales por cuenta del responsable del tratamiento.<\/p>\n<p>i) Destinatario El destinatario es una persona f\u00edsica o jur\u00eddica, autoridad p\u00fablica, agencia u otro organismo, al que se comunican los datos personales, ya sea un tercero o no. No obstante, no se considerar\u00e1n destinatarios las autoridades p\u00fablicas que puedan recibir datos personales en el marco de una investigaci\u00f3n concreta, de conformidad con el Derecho de la Uni\u00f3n o de los Estados miembros. <\/p>\n<p>j)<br \/>Tercero Un tercero es una persona f\u00edsica o jur\u00eddica, autoridad p\u00fablica, agencia u organismo distinto del interesado, del responsable del tratamiento, del encargado del tratamiento y de las personas que, bajo la autoridad directa del responsable del tratamiento o del encargado del tratamiento, est\u00e1n autorizadas a tratar datos personales.<\/p>\n<p>k) Consentimiento El consentimiento es toda manifestaci\u00f3n de voluntad libre, espec\u00edfica, informada e inequ\u00edvoca del interesado por la que \u00e9ste, mediante una declaraci\u00f3n o una clara acci\u00f3n afirmativa, consiente el tratamiento de datos personales que le conciernen.<\/p>\n<ol start=\"2\">\n<li>\n<h3 class=\"fusion-responsive-typography-calculated\" data-fontsize=\"18\" data-lineheight=\"27px\">Persona responsable<\/h3>\n<\/li>\n<\/ol>\n<p>El responsable del tratamiento en el sentido del Reglamento General de Protecci\u00f3n de Datos, otras leyes de protecci\u00f3n de datos aplicables en los Estados miembros de la Uni\u00f3n Europea y otras disposiciones de naturaleza de protecci\u00f3n de datos es<\/p>\n<p>Euroobjekt, S.L.<\/p>\n<p>Johannes Schmitz<\/p>\n<p>Gran Via Puig des Castellet 1<\/p>\n<p>Tel. +34 636 47 55 42<\/p>\n<p>Correo electr\u00f3nico info@euroobjekt.com<\/p>\n<p>P\u00e1gina web https:\/\/www.euroobjekt.com<\/p>\n<ol start=\"3\">\n<li>\n<h3 class=\"fusion-responsive-typography-calculated\" data-fontsize=\"18\" data-lineheight=\"27px\">Administraci\u00f3n<\/h3>\n<\/li>\n<\/ol>\n<p>Procesamos datos como parte de las tareas administrativas y la organizaci\u00f3n de nuestro negocio, la contabilidad financiera y el cumplimiento de las obligaciones legales, como el archivo. Al hacerlo, procesamos los mismos datos que procesamos como parte de la prestaci\u00f3n de nuestros servicios contractuales. Las bases del tratamiento son el Art. 6 p\u00e1rr. 1 lit. c. RGPD\/DS-GVO, Art. 6 p\u00e1rr. 1 lit. f. RGPD\/DS-GVO. El tratamiento afecta a clientes, partes interesadas, socios comerciales y visitantes del sitio web. La finalidad y nuestro inter\u00e9s en el tratamiento reside en la administraci\u00f3n, la contabilidad financiera, la organizaci\u00f3n de la oficina, el archivo de datos, es decir, tareas que sirven para mantener nuestras actividades empresariales, realizar nuestras tareas y prestar nuestros servicios. La supresi\u00f3n de datos en relaci\u00f3n con los servicios contractuales y la comunicaci\u00f3n contractual corresponde a la informaci\u00f3n especificada en estas actividades de tratamiento.         <\/p>\n<p>Revelamos o transmitimos datos a las autoridades fiscales, consultores, como asesores fiscales o auditores, as\u00ed como a otros centros de honorarios y proveedores de servicios de pago.<\/p>\n<p>Tambi\u00e9n almacenamos informaci\u00f3n sobre proveedores, organizadores de eventos y otros socios comerciales en funci\u00f3n de nuestros intereses comerciales, por ejemplo, para ponernos en contacto con ellos m\u00e1s adelante. Por lo general, almacenamos estos datos, la mayor\u00eda de los cuales est\u00e1n relacionados con la empresa, de forma permanente hasta que son revocados. <\/p>\n<ol start=\"4\">\n<li>\n<h3 class=\"fusion-responsive-typography-calculated\" data-fontsize=\"18\" data-lineheight=\"27px\">Derechos del usuario &#8211; Derechos de nuestros clientes<\/h3>\n<\/li>\n<\/ol>\n<p>Puedes ejercer los siguientes derechos en cualquier momento utilizando los datos de contacto de nuestro responsable de protecci\u00f3n de datos:<\/p>\n<ul>\n<li>Informaci\u00f3n sobre tus datos almacenados por nosotros y su tratamiento,<\/li>\n<li>Correcci\u00f3n de datos personales incorrectos,<\/li>\n<li>Eliminaci\u00f3n de tus datos almacenados por nosotros,<\/li>\n<li>Restricci\u00f3n del tratamiento de datos si todav\u00eda no se nos permite eliminar tus datos debido a obligaciones legales,<\/li>\n<li>Oposici\u00f3n al tratamiento de tus datos por nuestra parte y<\/li>\n<li>Portabilidad de los datos, siempre que hayas dado tu consentimiento al tratamiento de los datos o hayas celebrado un contrato con nosotros.<\/li>\n<\/ul>\n<p>Si nos has dado tu consentimiento, puedes revocarlo en cualquier momento con efectos para el futuro.<\/p>\n<ol start=\"5\">\n<li>\n<h3 class=\"fusion-responsive-typography-calculated\" data-fontsize=\"18\" data-lineheight=\"27px\">Base jur\u00eddica del tratamiento<\/h3>\n<\/li>\n<\/ol>\n<p>El art. 6 I lit. a RGPD\/DS-GVO sirve a nuestra empresa como base jur\u00eddica para las operaciones de tratamiento para las que obtenemos el consentimiento para un fin de tratamiento espec\u00edfico. Si el tratamiento de datos personales es necesario para la ejecuci\u00f3n de un contrato en el que el interesado es parte, como ocurre, por ejemplo, con las operaciones de tratamiento necesarias para el suministro de bienes o la prestaci\u00f3n de cualquier otro servicio o contraprestaci\u00f3n, el tratamiento se basa en el Art. 6 I lit. b RGPD. Lo mismo se aplica a las operaciones de tratamiento necesarias para la ejecuci\u00f3n de medidas precontractuales, por ejemplo en casos de consultas sobre nuestros productos o servicios. Si nuestra empresa est\u00e1 sujeta a una obligaci\u00f3n legal que requiere el tratamiento de datos personales, como por ejemplo para el cumplimiento de obligaciones fiscales, el tratamiento se basa en el Art. 6 I lit. c RGPD\/DS-GVO. En raras ocasiones, el tratamiento de datos personales puede ser necesario para proteger los intereses vitales del interesado o de otra persona f\u00edsica. Este ser\u00eda el caso, por ejemplo, si un visitante se lesionara en nuestra empresa y hubiera que transmitir su nombre, edad, datos del seguro m\u00e9dico u otra informaci\u00f3n vital a un m\u00e9dico, hospital u otro tercero. El tratamiento se basar\u00eda entonces en el Art. 6 I lit. d GDPR.          <\/p>\n<p>En \u00faltima instancia, las operaciones de tratamiento podr\u00edan basarse en el Art. 6 I lit. f GDPR. Esta base jur\u00eddica se utiliza para las operaciones de tratamiento que no est\u00e1n cubiertas por ninguna de las bases jur\u00eddicas mencionadas anteriormente, si el tratamiento es necesario para los fines de los intereses leg\u00edtimos perseguidos por nuestra empresa o por un tercero, excepto cuando prevalecen los intereses o los derechos y libertades fundamentales del interesado que requieren la protecci\u00f3n de los datos personales. Se nos permite llevar a cabo tales operaciones de tratamiento, en particular porque han sido mencionadas espec\u00edficamente por el legislador europeo. A este respecto, consider\u00f3 que pod\u00eda presumirse un inter\u00e9s leg\u00edtimo si el interesado es cliente del responsable del tratamiento (Considerando 47, frase 2, del RGPD).    <\/p>\n<ol start=\"6\">\n<li>\n<h3 class=\"fusion-responsive-typography-calculated\" data-fontsize=\"18\" data-lineheight=\"27px\">Duraci\u00f3n del almacenamiento de los datos personales<\/h3>\n<\/li>\n<\/ol>\n<p>El criterio para la duraci\u00f3n del almacenamiento de datos personales es el periodo de conservaci\u00f3n legal correspondiente. Una vez transcurrido este periodo, los datos correspondientes se eliminan de forma rutinaria, siempre que ya no sean necesarios para el cumplimiento o el inicio de un contrato. <\/p>\n<ol start=\"7\">\n<li>\n<h3 class=\"fusion-responsive-typography-calculated\" data-fontsize=\"18\" data-lineheight=\"27px\">Normativa legal o contractual<\/h3>\n<\/li>\n<\/ol>\n<p>Te informamos de que el suministro de datos personales es en parte obligatorio por ley (por ejemplo, por normas fiscales) o tambi\u00e9n puede derivarse de normas contractuales (por ejemplo, informaci\u00f3n sobre el socio contractual).<\/p>\n<p>A veces puede ser necesario, para la celebraci\u00f3n de un contrato, que el interesado nos facilite datos personales que posteriormente deban ser tratados por nosotros. Por ejemplo, el interesado est\u00e1 obligado a facilitarnos datos personales si nuestra empresa celebra un contrato con \u00e9l. No facilitar los datos personales significar\u00eda que el contrato con el interesado no podr\u00eda celebrarse.  <\/p>\n<ol start=\"8\">\n<li>\n<h3 class=\"fusion-responsive-typography-calculated\" data-fontsize=\"18\" data-lineheight=\"27px\">Alojamiento<\/h3>\n<\/li>\n<\/ol>\n<p>Los servicios de alojamiento que utilizamos sirven para prestar los siguientes servicios: Servicios de infraestructura y plataforma, capacidad inform\u00e1tica, espacio de almacenamiento y servicios de base de datos, servicios de seguridad y servicios de mantenimiento t\u00e9cnico que utilizamos con el fin de operar esta oferta online.<span class=\"Apple-converted-space\"> <\/span><\/p>\n<p>Al hacerlo, nosotros o nuestro proveedor de alojamiento procesamos datos de inventario, datos de contacto, datos de contenido, datos contractuales, datos de uso, metadatos y datos de comunicaci\u00f3n de clientes, partes interesadas y visitantes de esta oferta online sobre la base de nuestros intereses leg\u00edtimos en una provisi\u00f3n eficiente y segura de esta oferta online de acuerdo con el Art. 6 p\u00e1rrafo 1 lit. f GDPR en conjunci\u00f3n con el Art. 28 GDPR. Art. 28 RGPD\/DS-GVO (celebraci\u00f3n del contrato de tramitaci\u00f3n de pedidos).   <\/p>\n<ol start=\"9\">\n<li>\n<h3 class=\"fusion-responsive-typography-calculated\" data-fontsize=\"18\" data-lineheight=\"27px\">Archivos de registro del servidor<\/h3>\n<\/li>\n<\/ol>\n<p>Nuestro proveedor del sitio web recoge y almacena la informaci\u00f3n que tu navegador transmite autom\u00e1ticamente a nuestro sitio web en archivos de registro del servidor. \u00c9stos son <\/p>\n<ul>\n<li>Tipo de navegador y versi\u00f3n del navegador<\/li>\n<li>Sistema operativo utilizado<\/li>\n<li>URL de referencia<\/li>\n<li>Nombre de host del ordenador de acceso<\/li>\n<li>Hora de la petici\u00f3n al servidor<\/li>\n<li>Direcci\u00f3n IP<\/li>\n<\/ul>\n<p>Estos datos no se fusionan con otras fuentes de datos. La base para el tratamiento de datos es el Art. 6 p\u00e1rr. 1 lit. b GDPR, que permite el tratamiento de datos para el cumplimiento de un contrato o de medidas precontractuales.   <\/p>\n<ol start=\"10\">\n<li>\n<h3 class=\"fusion-responsive-typography-calculated\" data-fontsize=\"18\" data-lineheight=\"27px\">Encriptaci\u00f3n SSL o TLS<\/h3>\n<\/li>\n<\/ol>\n<p>Utilizamos encriptaci\u00f3n SSL para proteger tus datos transmitidos de la mejor manera posible. Puedes reconocer estas conexiones encriptadas por el prefijo \u00abhttps:\/\/\u00bb en el enlace de la p\u00e1gina en la barra de direcciones de tu navegador. Las p\u00e1ginas no encriptadas est\u00e1n marcadas con \u00abhttp:\/\/\u00bb.  <\/p>\n<p>Gracias a la encriptaci\u00f3n SSL, ninguno de los datos que transmitas a este sitio web -por ejemplo, al realizar consultas o iniciar sesi\u00f3n- puede ser le\u00eddo por terceros.<\/p>\n<p>Todo el tr\u00e1fico de correo electr\u00f3nico entre t\u00fa y nuestra empresa se realiza desde nuestro lado a trav\u00e9s de una conexi\u00f3n encriptada (TLS).<\/p>\n<ol start=\"11\">\n<li>\n<h3 class=\"fusion-responsive-typography-calculated\" data-fontsize=\"18\" data-lineheight=\"27px\">Formulario de contacto<\/h3>\n<\/li>\n<\/ol>\n<p>Los datos transmitidos a trav\u00e9s del formulario de contacto, incluidos tus datos de contacto, se almacenar\u00e1n para procesar tu consulta o para estar disponible para preguntas de seguimiento. Estos datos no se transmitir\u00e1n sin tu consentimiento. <\/p>\n<p>Los datos introducidos en el formulario de contacto se procesan exclusivamente sobre la base de tu consentimiento (Art. 6 p\u00e1rr. 1 lit. a RGPD\/DS-GVO). Los datos del usuario pueden almacenarse en un sistema de gesti\u00f3n de relaciones con los clientes (\u00absistema CRM\u00bb) o en un software comparable.  Puedes retirar tu consentimiento en cualquier momento. Una notificaci\u00f3n informal por correo electr\u00f3nico es suficiente para la cancelaci\u00f3n. La legalidad de las operaciones de tratamiento de datos realizadas hasta la revocaci\u00f3n no se ver\u00e1 afectada por \u00e9sta.<\/p>\n<p>Los datos transmitidos a trav\u00e9s del formulario de contacto permanecer\u00e1n con nosotros hasta que nos pidas que los eliminemos, revoquemos tu consentimiento para su almacenamiento o hasta que ya no haya necesidad de almacenar los datos. Las disposiciones legales obligatorias -en particular los periodos de conservaci\u00f3n- no se ven afectadas.<\/p>\n<ol start=\"12\">\n<li>\n<h3 class=\"fusion-responsive-typography-calculated\" data-fontsize=\"18\" data-lineheight=\"27px\">Fuentes Google<\/h3>\n<\/li>\n<\/ol>\n<p>En este sitio web utilizamos bibliotecas de scripts y bibliotecas de fuentes como Google Webfonts (https:\/\/www.google.com\/webfonts\/) para mostrar nuestro contenido de forma correcta y gr\u00e1ficamente atractiva en todos los navegadores. Las fuentes web de Google se transfieren a la cach\u00e9 de tu navegador para evitar cargas m\u00faltiples. Si el navegador no es compatible con Google Web Fonts o impide el acceso, el contenido se mostrar\u00e1 con una fuente est\u00e1ndar y la visualizaci\u00f3n puede diferir de la real.<\/p>\n<p>Llamar a bibliotecas de scripts o de fuentes desencadena autom\u00e1ticamente una conexi\u00f3n con el operador de la biblioteca. Es te\u00f3ricamente posible -pero actualmente tampoco est\u00e1 claro si y con qu\u00e9 fines- que los operadores de dichas bibliotecas recojan datos.<\/p>\n<p>La pol\u00edtica de privacidad del operador de la biblioteca Google puede consultarse aqu\u00ed: https:\/\/www.google.com\/policies\/privacy\/<\/p>\n<p>Opt-out: https:\/\/adssettings.google.com\/authenticated<\/p>\n<ol start=\"13\">\n<li>\n<h3 class=\"fusion-responsive-typography-calculated\" data-fontsize=\"18\" data-lineheight=\"27px\">Google Maps<\/h3>\n<\/li>\n<\/ol>\n<p>Este sitio web utiliza la API de Google Maps para visualizar informaci\u00f3n geogr\u00e1fica. Al utilizar Google Maps, Google tambi\u00e9n recopila, procesa y utiliza datos sobre el uso de las funciones de mapa por parte de los visitantes. Puedes encontrar m\u00e1s informaci\u00f3n sobre el procesamiento de datos por parte de Google en la pol\u00edtica de privacidad de Google (https:\/\/www.google.com\/policies\/privacy\/). Tambi\u00e9n puedes cambiar tus ajustes de protecci\u00f3n de datos personales all\u00ed, en el centro de protecci\u00f3n de datos.<\/p>\n<p>Puedes encontrar instrucciones detalladas sobre c\u00f3mo gestionar tus propios datos en relaci\u00f3n con los productos de Google aqu\u00ed: http:\/\/www.dataliberation.org\/<\/p>\n<p>Opt-out: https:\/\/adssettings.google.com\/authenticated<\/p>\n<ol start=\"14\">\n<li>\n<h3 class=\"fusion-responsive-typography-calculated\" data-fontsize=\"18\" data-lineheight=\"27px\">Perfilando<\/h3>\n<\/li>\n<\/ol>\n<p>Como empresa responsable, no utilizamos la toma de decisiones automatizada ni la elaboraci\u00f3n de perfiles.<\/p>\n<ol start=\"15\">\n<li>\n<h3 class=\"fusion-responsive-typography-calculated\" data-fontsize=\"18\" data-lineheight=\"27px\">Enmienda<\/h3>\n<\/li>\n<\/ol>\n<p>Nos reservamos el derecho a adaptar esta pol\u00edtica de privacidad para que cumpla siempre con los requisitos legales vigentes o a implementar cambios en nuestros servicios en la pol\u00edtica de privacidad, por ejemplo, al introducir nuevos servicios. La nueva pol\u00edtica de privacidad se aplicar\u00e1 a tu pr\u00f3xima visita.<\/p>\n\t\t\t\t\t\t\t\t<\/div>\n\t\t\t\t<\/div>\n\t\t\t\t\t<\/div>\n\t\t\t\t<\/div>\n\t\t\t\t<\/div>\n\t\t","protected":false},"excerpt":{"rendered":"<p>Declaraci\u00f3n de protecci\u00f3n de datos Gracias por tu inter\u00e9s en nuestra empresa. La protecci\u00f3n de datos tiene una prioridad especialmente alta para nuestra empresa. Por lo general, es posible utilizar nuestro sitio web sin facilitar datos personales. Sin embargo, si un interesado desea hacer uso de servicios especiales de nuestra empresa a trav\u00e9s de nuestro [&hellip;]<\/p>\n","protected":false},"author":1,"featured_media":0,"parent":0,"menu_order":0,"comment_status":"closed","ping_status":"open","template":"","meta":{"_seopress_robots_primary_cat":"","_seopress_titles_title":"","_seopress_titles_desc":"","_seopress_robots_index":"","footnotes":""},"class_list":["post-1625","page","type-page","status-publish","hentry"],"_links":{"self":[{"href":"https:\/\/www.euroobjekt.com\/es\/wp-json\/wp\/v2\/pages\/1625","targetHints":{"allow":["GET"]}}],"collection":[{"href":"https:\/\/www.euroobjekt.com\/es\/wp-json\/wp\/v2\/pages"}],"about":[{"href":"https:\/\/www.euroobjekt.com\/es\/wp-json\/wp\/v2\/types\/page"}],"author":[{"embeddable":true,"href":"https:\/\/www.euroobjekt.com\/es\/wp-json\/wp\/v2\/users\/1"}],"replies":[{"embeddable":true,"href":"https:\/\/www.euroobjekt.com\/es\/wp-json\/wp\/v2\/comments?post=1625"}],"version-history":[{"count":0,"href":"https:\/\/www.euroobjekt.com\/es\/wp-json\/wp\/v2\/pages\/1625\/revisions"}],"wp:attachment":[{"href":"https:\/\/www.euroobjekt.com\/es\/wp-json\/wp\/v2\/media?parent=1625"}],"curies":[{"name":"wp","href":"https:\/\/api.w.org\/{rel}","templated":true}]}}