{"id":1277,"date":"2024-10-25T21:38:16","date_gmt":"2024-10-25T19:38:16","guid":{"rendered":"https:\/\/beta.euroobjekt.com\/inicio\/"},"modified":"2026-03-06T18:03:21","modified_gmt":"2026-03-06T17:03:21","slug":"inicio","status":"publish","type":"page","link":"https:\/\/www.euroobjekt.com\/es\/","title":{"rendered":"Inicio"},"content":{"rendered":"\t\t<div data-elementor-type=\"wp-page\" data-elementor-id=\"1277\" class=\"elementor elementor-1277 elementor-48\" data-elementor-post-type=\"page\">\n\t\t\t\t<div class=\"elementor-element elementor-element-dcd0cde e-con-full e-flex e-con e-parent\" data-id=\"dcd0cde\" data-element_type=\"container\" data-e-type=\"container\" data-settings=\"{&quot;background_background&quot;:&quot;video&quot;,&quot;background_video_link&quot;:&quot;https:\\\/\\\/www.euroobjekt.com\\\/wp-content\\\/uploads\\\/2026\\\/03\\\/video-home-EUROOBJEKT_peq3.mp4&quot;,&quot;background_play_on_mobile&quot;:&quot;yes&quot;}\">\n\t\t<div class=\"elementor-background-video-container\">\n\t\t\t\t\t\t\t<video class=\"elementor-background-video-hosted\" role=\"presentation\" autoplay muted playsinline loop><\/video>\n\t\t\t\t\t<\/div>\t\t<div class=\"elementor-element elementor-element-6cee8b2 elementor-widget__width-inherit elementor-widget elementor-widget-heading\" data-id=\"6cee8b2\" data-element_type=\"widget\" data-e-type=\"widget\" data-widget_type=\"heading.default\">\n\t\t\t\t<div class=\"elementor-widget-container\">\n\t\t\t\t\t<h2 class=\"elementor-heading-title elementor-size-default\">Proyectos <br>exclusivos<\/h2>\t\t\t\t<\/div>\n\t\t\t\t<\/div>\n\t\t\t\t<\/div>\n\t\t<div class=\"elementor-element elementor-element-bdeaa52 e-flex e-con-boxed e-con e-parent\" data-id=\"bdeaa52\" data-element_type=\"container\" data-e-type=\"container\" data-settings=\"{&quot;background_background&quot;:&quot;classic&quot;}\">\n\t\t\t\t\t<div class=\"e-con-inner\">\n\t\t\t\t<div class=\"elementor-element elementor-element-dc20401 elementor-widget elementor-widget-heading\" data-id=\"dc20401\" data-element_type=\"widget\" data-e-type=\"widget\" data-widget_type=\"heading.default\">\n\t\t\t\t<div class=\"elementor-widget-container\">\n\t\t\t\t\t<h2 class=\"elementor-heading-title elementor-size-default\">Proyectos en curso<\/h2>\t\t\t\t<\/div>\n\t\t\t\t<\/div>\n\t\t\t\t<div class=\"elementor-element elementor-element-b7ec5d8 elementor-align-center elementor-widget elementor-widget-button\" data-id=\"b7ec5d8\" data-element_type=\"widget\" data-e-type=\"widget\" data-widget_type=\"button.default\">\n\t\t\t\t<div class=\"elementor-widget-container\">\n\t\t\t\t\t\t\t\t\t<div class=\"elementor-button-wrapper\">\n\t\t\t\t\t<a class=\"elementor-button elementor-button-link elementor-size-sm\" href=\"https:\/\/www.euroobjekt.com\/es\/todos-los-proyectos\/\">\n\t\t\t\t\t\t<span class=\"elementor-button-content-wrapper\">\n\t\t\t\t\t\t\t\t\t<span class=\"elementor-button-text\">Todos los proyectos<\/span>\n\t\t\t\t\t<\/span>\n\t\t\t\t\t<\/a>\n\t\t\t\t<\/div>\n\t\t\t\t\t\t\t\t<\/div>\n\t\t\t\t<\/div>\n\t\t\t\t\t<\/div>\n\t\t\t\t<\/div>\n\t\t<div class=\"elementor-element elementor-element-d26d3b7 e-con-full e-flex e-con e-parent\" data-id=\"d26d3b7\" data-element_type=\"container\" data-e-type=\"container\" data-settings=\"{&quot;background_background&quot;:&quot;classic&quot;}\">\n\t\t\t\t<div class=\"elementor-element elementor-element-700a64e elementor-widget elementor-widget-heading\" data-id=\"700a64e\" data-element_type=\"widget\" data-e-type=\"widget\" data-widget_type=\"heading.default\">\n\t\t\t\t<div class=\"elementor-widget-container\">\n\t\t\t\t\t<h2 class=\"elementor-heading-title elementor-size-default\">Experiencia<\/h2>\t\t\t\t<\/div>\n\t\t\t\t<\/div>\n\t\t\t\t<div class=\"elementor-element elementor-element-2a3f687 elementor-widget elementor-widget-heading\" data-id=\"2a3f687\" data-element_type=\"widget\" data-e-type=\"widget\" data-widget_type=\"heading.default\">\n\t\t\t\t<div class=\"elementor-widget-container\">\n\t\t\t\t\t<h2 class=\"elementor-heading-title elementor-size-default\">EUROOBJEKT<\/h2>\t\t\t\t<\/div>\n\t\t\t\t<\/div>\n\t\t\t\t<div class=\"elementor-element elementor-element-fde7242 elementor-widget__width-initial elementor-widget-mobile__width-initial elementor-widget elementor-widget-text-editor\" data-id=\"fde7242\" data-element_type=\"widget\" data-e-type=\"widget\" data-widget_type=\"text-editor.default\">\n\t\t\t\t<div class=\"elementor-widget-container\">\n\t\t\t\t\t\t\t\t\t<p>Euroobjekt cuenta con m\u00e1s de 30 a\u00f1os de experiencia en inversiones inmobiliarias, realizadas con \u00e9xito en nombre propio o con inversores.<\/p>\t\t\t\t\t\t\t\t<\/div>\n\t\t\t\t<\/div>\n\t\t\t\t<div class=\"elementor-element elementor-element-03a64c8 elementor-widget elementor-widget-spacer\" data-id=\"03a64c8\" data-element_type=\"widget\" data-e-type=\"widget\" data-widget_type=\"spacer.default\">\n\t\t\t\t<div class=\"elementor-widget-container\">\n\t\t\t\t\t\t\t<div class=\"elementor-spacer\">\n\t\t\t<div class=\"elementor-spacer-inner\"><\/div>\n\t\t<\/div>\n\t\t\t\t\t\t<\/div>\n\t\t\t\t<\/div>\n\t\t\t\t<\/div>\n\t\t<div class=\"elementor-element elementor-element-a2ac8b9 e-con-full e-flex e-con e-parent\" data-id=\"a2ac8b9\" data-element_type=\"container\" data-e-type=\"container\" data-settings=\"{&quot;background_background&quot;:&quot;classic&quot;}\">\n\t\t<div class=\"elementor-element elementor-element-5ab0370 e-con-full e-flex e-con e-child\" data-id=\"5ab0370\" data-element_type=\"container\" data-e-type=\"container\">\n\t\t\t\t<div class=\"elementor-element elementor-element-07d40f6 elementor-widget elementor-widget-spacer\" data-id=\"07d40f6\" data-element_type=\"widget\" data-e-type=\"widget\" data-widget_type=\"spacer.default\">\n\t\t\t\t<div class=\"elementor-widget-container\">\n\t\t\t\t\t\t\t<div class=\"elementor-spacer\">\n\t\t\t<div class=\"elementor-spacer-inner\"><\/div>\n\t\t<\/div>\n\t\t\t\t\t\t<\/div>\n\t\t\t\t<\/div>\n\t\t\t\t<div class=\"elementor-element elementor-element-b01c03a elementor-widget elementor-widget-heading\" data-id=\"b01c03a\" data-element_type=\"widget\" data-e-type=\"widget\" data-widget_type=\"heading.default\">\n\t\t\t\t<div class=\"elementor-widget-container\">\n\t\t\t\t\t<h2 class=\"elementor-heading-title elementor-size-default\">La tradici\u00f3n <br>se encuentra con la modernidad <br><\/h2>\t\t\t\t<\/div>\n\t\t\t\t<\/div>\n\t\t\t\t<div class=\"elementor-element elementor-element-123bec0 elementor-widget elementor-widget-image\" data-id=\"123bec0\" data-element_type=\"widget\" data-e-type=\"widget\" data-widget_type=\"image.default\">\n\t\t\t\t<div class=\"elementor-widget-container\">\n\t\t\t\t\t\t\t\t\t\t\t\t\t\t\t<img fetchpriority=\"high\" decoding=\"async\" width=\"1535\" height=\"1024\" src=\"https:\/\/www.euroobjekt.com\/wp-content\/uploads\/2024\/11\/Bonanova-1_060A7635_HD_WEB.jpg\" class=\"attachment-full size-full wp-image-2047\" alt=\"\" srcset=\"https:\/\/www.euroobjekt.com\/wp-content\/uploads\/2024\/11\/Bonanova-1_060A7635_HD_WEB.jpg 1535w, https:\/\/www.euroobjekt.com\/wp-content\/uploads\/2024\/11\/Bonanova-1_060A7635_HD_WEB-300x200.jpg 300w, https:\/\/www.euroobjekt.com\/wp-content\/uploads\/2024\/11\/Bonanova-1_060A7635_HD_WEB-1024x683.jpg 1024w, https:\/\/www.euroobjekt.com\/wp-content\/uploads\/2024\/11\/Bonanova-1_060A7635_HD_WEB-768x512.jpg 768w\" sizes=\"(max-width: 1535px) 100vw, 1535px\" \/>\t\t\t\t\t\t\t\t\t\t\t\t\t\t\t<\/div>\n\t\t\t\t<\/div>\n\t\t\t\t<\/div>\n\t\t<div class=\"elementor-element elementor-element-7f2b870 e-con-full e-flex e-con e-child\" data-id=\"7f2b870\" data-element_type=\"container\" data-e-type=\"container\">\n\t\t\t\t<div class=\"elementor-element elementor-element-810c792 elementor-widget elementor-widget-spacer\" data-id=\"810c792\" data-element_type=\"widget\" data-e-type=\"widget\" data-widget_type=\"spacer.default\">\n\t\t\t\t<div class=\"elementor-widget-container\">\n\t\t\t\t\t\t\t<div class=\"elementor-spacer\">\n\t\t\t<div class=\"elementor-spacer-inner\"><\/div>\n\t\t<\/div>\n\t\t\t\t\t\t<\/div>\n\t\t\t\t<\/div>\n\t\t\t\t<div class=\"elementor-element elementor-element-49a51b2 elementor-widget elementor-widget-image\" data-id=\"49a51b2\" data-element_type=\"widget\" data-e-type=\"widget\" data-widget_type=\"image.default\">\n\t\t\t\t<div class=\"elementor-widget-container\">\n\t\t\t\t\t\t\t\t\t\t\t\t\t\t\t<img decoding=\"async\" width=\"768\" height=\"512\" src=\"https:\/\/www.euroobjekt.com\/wp-content\/uploads\/2024\/11\/Bonanova-1_060A7546_HD_WEB-768x512.jpg\" class=\"attachment-medium_large size-medium_large wp-image-2048\" alt=\"\" srcset=\"https:\/\/www.euroobjekt.com\/wp-content\/uploads\/2024\/11\/Bonanova-1_060A7546_HD_WEB-768x512.jpg 768w, https:\/\/www.euroobjekt.com\/wp-content\/uploads\/2024\/11\/Bonanova-1_060A7546_HD_WEB-300x200.jpg 300w, https:\/\/www.euroobjekt.com\/wp-content\/uploads\/2024\/11\/Bonanova-1_060A7546_HD_WEB-1024x683.jpg 1024w, https:\/\/www.euroobjekt.com\/wp-content\/uploads\/2024\/11\/Bonanova-1_060A7546_HD_WEB.jpg 1535w\" sizes=\"(max-width: 768px) 100vw, 768px\" \/>\t\t\t\t\t\t\t\t\t\t\t\t\t\t\t<\/div>\n\t\t\t\t<\/div>\n\t\t\t\t<div class=\"elementor-element elementor-element-362e75d elementor-widget__width-initial elementor-widget elementor-widget-text-editor\" data-id=\"362e75d\" data-element_type=\"widget\" data-e-type=\"widget\" data-widget_type=\"text-editor.default\">\n\t\t\t\t<div class=\"elementor-widget-container\">\n\t\t\t\t\t\t\t\t\t<p>Nuestra fase de planificaci\u00f3n se basa en los elevados est\u00e1ndares alemanes y hace especial hincapi\u00e9 en los aspectos contractuales, de seguros y de derecho de la construcci\u00f3n, as\u00ed como en la planificaci\u00f3n arquitect\u00f3nica. Durante la construcci\u00f3n, Euroobjekt se encarga de que todo vaya sobre ruedas y coordina todos los oficios. Actuamos como interfaz central entre el inversor, el contratista, el arquitecto y el ingeniero civil para garantizar un progreso \u00f3ptimo de la construcci\u00f3n. La comercializaci\u00f3n profesional del proyecto se inicia ya durante la fase de construcci\u00f3n, para que la venta pueda completarse con rapidez y \u00e9xito. Tras la finalizaci\u00f3n, nos encargamos de los \u00faltimos tr\u00e1mites burocr\u00e1ticos con los ayuntamientos y las autoridades para garantizar el \u00e9xito de la venta y el correspondiente retorno de la inversi\u00f3n.<\/p>\t\t\t\t\t\t\t\t<\/div>\n\t\t\t\t<\/div>\n\t\t\t\t<\/div>\n\t\t\t\t<\/div>\n\t\t<div class=\"elementor-element elementor-element-e933d5e e-con-full e-flex e-con e-parent\" data-id=\"e933d5e\" data-element_type=\"container\" data-e-type=\"container\" data-settings=\"{&quot;background_background&quot;:&quot;classic&quot;}\">\n\t\t<div class=\"elementor-element elementor-element-953fa70 e-con-full e-flex e-con e-child\" data-id=\"953fa70\" data-element_type=\"container\" data-e-type=\"container\">\n\t\t\t\t<div class=\"elementor-element elementor-element-f17232c elementor-widget elementor-widget-image\" data-id=\"f17232c\" data-element_type=\"widget\" data-e-type=\"widget\" data-widget_type=\"image.default\">\n\t\t\t\t<div class=\"elementor-widget-container\">\n\t\t\t\t\t\t\t\t\t\t\t\t\t\t\t<img decoding=\"async\" width=\"683\" height=\"1024\" src=\"https:\/\/www.euroobjekt.com\/wp-content\/uploads\/2024\/11\/Bonanova-2_060A7337_HD_web.jpg\" class=\"attachment-large size-large wp-image-2051\" alt=\"\" srcset=\"https:\/\/www.euroobjekt.com\/wp-content\/uploads\/2024\/11\/Bonanova-2_060A7337_HD_web.jpg 683w, https:\/\/www.euroobjekt.com\/wp-content\/uploads\/2024\/11\/Bonanova-2_060A7337_HD_web-200x300.jpg 200w\" sizes=\"(max-width: 683px) 100vw, 683px\" \/>\t\t\t\t\t\t\t\t\t\t\t\t\t\t\t<\/div>\n\t\t\t\t<\/div>\n\t\t\t\t<\/div>\n\t\t<div class=\"elementor-element elementor-element-120a1e0 e-con-full e-flex e-con e-child\" data-id=\"120a1e0\" data-element_type=\"container\" data-e-type=\"container\">\n\t\t\t\t<div class=\"elementor-element elementor-element-286a0d9 elementor-widget elementor-widget-heading\" data-id=\"286a0d9\" data-element_type=\"widget\" data-e-type=\"widget\" data-widget_type=\"heading.default\">\n\t\t\t\t<div class=\"elementor-widget-container\">\n\t\t\t\t\t<h2 class=\"elementor-heading-title elementor-size-default\">Sostenible<br>e innovadora<\/h2>\t\t\t\t<\/div>\n\t\t\t\t<\/div>\n\t\t\t\t<div class=\"elementor-element elementor-element-e30c2f7 elementor-widget elementor-widget-image\" data-id=\"e30c2f7\" data-element_type=\"widget\" data-e-type=\"widget\" data-widget_type=\"image.default\">\n\t\t\t\t<div class=\"elementor-widget-container\">\n\t\t\t\t\t\t\t\t\t\t\t\t\t\t\t<img loading=\"lazy\" decoding=\"async\" width=\"800\" height=\"450\" src=\"https:\/\/www.euroobjekt.com\/wp-content\/uploads\/2024\/11\/57df95bd-3f5c-454c-83e6-2b7198df26f4-1024x576.jpg\" class=\"attachment-large size-large wp-image-2049\" alt=\"\" srcset=\"https:\/\/www.euroobjekt.com\/wp-content\/uploads\/2024\/11\/57df95bd-3f5c-454c-83e6-2b7198df26f4-1024x576.jpg 1024w, https:\/\/www.euroobjekt.com\/wp-content\/uploads\/2024\/11\/57df95bd-3f5c-454c-83e6-2b7198df26f4-300x169.jpg 300w, https:\/\/www.euroobjekt.com\/wp-content\/uploads\/2024\/11\/57df95bd-3f5c-454c-83e6-2b7198df26f4-768x432.jpg 768w, https:\/\/www.euroobjekt.com\/wp-content\/uploads\/2024\/11\/57df95bd-3f5c-454c-83e6-2b7198df26f4-1536x864.jpg 1536w, https:\/\/www.euroobjekt.com\/wp-content\/uploads\/2024\/11\/57df95bd-3f5c-454c-83e6-2b7198df26f4.jpg 1600w\" sizes=\"(max-width: 800px) 100vw, 800px\" \/>\t\t\t\t\t\t\t\t\t\t\t\t\t\t\t<\/div>\n\t\t\t\t<\/div>\n\t\t\t\t<div class=\"elementor-element elementor-element-acec4b6 elementor-widget elementor-widget-image\" data-id=\"acec4b6\" data-element_type=\"widget\" data-e-type=\"widget\" data-widget_type=\"image.default\">\n\t\t\t\t<div class=\"elementor-widget-container\">\n\t\t\t\t\t\t\t\t\t\t\t\t\t\t\t<img loading=\"lazy\" decoding=\"async\" width=\"800\" height=\"534\" src=\"https:\/\/www.euroobjekt.com\/wp-content\/uploads\/2024\/11\/Bonanova-2_060A7612_HD_web-1024x683.jpg\" class=\"attachment-large size-large wp-image-2050\" alt=\"\" srcset=\"https:\/\/www.euroobjekt.com\/wp-content\/uploads\/2024\/11\/Bonanova-2_060A7612_HD_web-1024x683.jpg 1024w, https:\/\/www.euroobjekt.com\/wp-content\/uploads\/2024\/11\/Bonanova-2_060A7612_HD_web-300x200.jpg 300w, https:\/\/www.euroobjekt.com\/wp-content\/uploads\/2024\/11\/Bonanova-2_060A7612_HD_web-768x512.jpg 768w, https:\/\/www.euroobjekt.com\/wp-content\/uploads\/2024\/11\/Bonanova-2_060A7612_HD_web.jpg 1535w\" sizes=\"(max-width: 800px) 100vw, 800px\" \/>\t\t\t\t\t\t\t\t\t\t\t\t\t\t\t<\/div>\n\t\t\t\t<\/div>\n\t\t\t\t<\/div>\n\t\t\t\t<\/div>\n\t\t<div class=\"elementor-element elementor-element-3389526 e-flex e-con-boxed e-con e-parent\" data-id=\"3389526\" data-element_type=\"container\" data-e-type=\"container\" data-settings=\"{&quot;background_background&quot;:&quot;classic&quot;}\">\n\t\t\t\t\t<div class=\"e-con-inner\">\n\t\t\t\t<div class=\"elementor-element elementor-element-0565427 elementor-align-center elementor-widget elementor-widget-button\" data-id=\"0565427\" data-element_type=\"widget\" data-e-type=\"widget\" data-widget_type=\"button.default\">\n\t\t\t\t<div class=\"elementor-widget-container\">\n\t\t\t\t\t\t\t\t\t<div class=\"elementor-button-wrapper\">\n\t\t\t\t\t<a class=\"elementor-button elementor-button-link elementor-size-sm\" href=\"https:\/\/www.euroobjekt.com\/es\/todos-los-proyectos\/\">\n\t\t\t\t\t\t<span class=\"elementor-button-content-wrapper\">\n\t\t\t\t\t\t\t\t\t<span class=\"elementor-button-text\">Todos los proyectos<\/span>\n\t\t\t\t\t<\/span>\n\t\t\t\t\t<\/a>\n\t\t\t\t<\/div>\n\t\t\t\t\t\t\t\t<\/div>\n\t\t\t\t<\/div>\n\t\t\t\t\t<\/div>\n\t\t\t\t<\/div>\n\t\t<div class=\"elementor-element elementor-element-0a990e2 e-flex e-con-boxed e-con e-parent\" data-id=\"0a990e2\" data-element_type=\"container\" data-e-type=\"container\" data-settings=\"{&quot;background_background&quot;:&quot;classic&quot;}\">\n\t\t\t\t\t<div class=\"e-con-inner\">\n\t\t\t\t<div class=\"elementor-element elementor-element-45f8a73 elementor-widget elementor-widget-heading\" data-id=\"45f8a73\" data-element_type=\"widget\" data-e-type=\"widget\" data-widget_type=\"heading.default\">\n\t\t\t\t<div class=\"elementor-widget-container\">\n\t\t\t\t\t<h2 class=\"elementor-heading-title elementor-size-default\">Formulario de contacto<\/h2>\t\t\t\t<\/div>\n\t\t\t\t<\/div>\n\t\t\t\t<div class=\"elementor-element elementor-element-37e5859 elementor-button-align-center elementor-widget elementor-widget-form\" data-id=\"37e5859\" data-element_type=\"widget\" data-e-type=\"widget\" data-settings=\"{&quot;step_next_label&quot;:&quot;Siguiente&quot;,&quot;step_previous_label&quot;:&quot;Anterior&quot;,&quot;button_width&quot;:&quot;100&quot;,&quot;step_type&quot;:&quot;number_text&quot;,&quot;step_icon_shape&quot;:&quot;circle&quot;}\" data-widget_type=\"form.default\">\n\t\t\t\t<div class=\"elementor-widget-container\">\n\t\t\t\t\t\t\t<form class=\"elementor-form\" method=\"post\" name=\"Formulario de contacto\" aria-label=\"Formulario de contacto\">\n\t\t\t<input type=\"hidden\" name=\"post_id\" value=\"1277\"\/>\n\t\t\t<input type=\"hidden\" name=\"form_id\" value=\"37e5859\"\/>\n\t\t\t<input type=\"hidden\" name=\"referer_title\" value=\"\" \/>\n\n\t\t\t\t\t\t\t<input type=\"hidden\" name=\"queried_id\" value=\"1277\"\/>\n\t\t\t\n\t\t\t<div class=\"elementor-form-fields-wrapper elementor-labels-\">\n\t\t\t\t\t\t\t\t<div class=\"elementor-field-type-text elementor-field-group elementor-column elementor-field-group-name elementor-col-33\">\n\t\t\t\t\t\t\t\t\t\t\t\t<label for=\"form-field-name\" class=\"elementor-field-label elementor-screen-only\">\n\t\t\t\t\t\t\t\tNombre\t\t\t\t\t\t\t<\/label>\n\t\t\t\t\t\t\t\t\t\t\t\t\t\t<input size=\"1\" type=\"text\" name=\"form_fields[name]\" id=\"form-field-name\" class=\"elementor-field elementor-size-lg  elementor-field-textual\" placeholder=\"Nombre\">\n\t\t\t\t\t\t\t\t\t\t\t<\/div>\n\t\t\t\t\t\t\t\t<div class=\"elementor-field-type-email elementor-field-group elementor-column elementor-field-group-email elementor-col-33 elementor-field-required\">\n\t\t\t\t\t\t\t\t\t\t\t\t<label for=\"form-field-email\" class=\"elementor-field-label elementor-screen-only\">\n\t\t\t\t\t\t\t\tcorreo electr\u00f3nico\t\t\t\t\t\t\t<\/label>\n\t\t\t\t\t\t\t\t\t\t\t\t\t\t<input size=\"1\" type=\"email\" name=\"form_fields[email]\" id=\"form-field-email\" class=\"elementor-field elementor-size-lg  elementor-field-textual\" placeholder=\"correo electr\u00f3nico\" required=\"required\">\n\t\t\t\t\t\t\t\t\t\t\t<\/div>\n\t\t\t\t\t\t\t\t<div class=\"elementor-field-type-tel elementor-field-group elementor-column elementor-field-group-field_ef708f8 elementor-col-33\">\n\t\t\t\t\t\t\t\t\t\t\t\t<label for=\"form-field-field_ef708f8\" class=\"elementor-field-label elementor-screen-only\">\n\t\t\t\t\t\t\t\tTel\u00e9fono\t\t\t\t\t\t\t<\/label>\n\t\t\t\t\t\t\t\t<input size=\"1\" type=\"tel\" name=\"form_fields[field_ef708f8]\" id=\"form-field-field_ef708f8\" class=\"elementor-field elementor-size-lg  elementor-field-textual\" placeholder=\"Tel\u00e9fono\" pattern=\"[0-9()#&amp;+*-=.]+\" title=\"Solo se aceptan n\u00fameros y caracteres de tel\u00e9fono (#,-,*,etc).\">\n\n\t\t\t\t\t\t<\/div>\n\t\t\t\t\t\t\t\t<div class=\"elementor-field-type-textarea elementor-field-group elementor-column elementor-field-group-message elementor-col-100\">\n\t\t\t\t\t\t\t\t\t\t\t\t<label for=\"form-field-message\" class=\"elementor-field-label elementor-screen-only\">\n\t\t\t\t\t\t\t\tMensaje\t\t\t\t\t\t\t<\/label>\n\t\t\t\t\t\t<textarea class=\"elementor-field-textual elementor-field  elementor-size-lg\" name=\"form_fields[message]\" id=\"form-field-message\" rows=\"4\" placeholder=\"Mensaje\"><\/textarea>\t\t\t\t<\/div>\n\t\t\t\t\t\t\t\t<div class=\"elementor-field-group elementor-column elementor-field-type-submit elementor-col-100 e-form__buttons\">\n\t\t\t\t\t<button class=\"elementor-button elementor-size-md\" type=\"submit\">\n\t\t\t\t\t\t<span class=\"elementor-button-content-wrapper\">\n\t\t\t\t\t\t\t\t\t\t\t\t\t\t\t\t\t\t\t\t\t\t<span class=\"elementor-button-text\">ENVIAR<\/span>\n\t\t\t\t\t\t\t\t\t\t\t\t\t<\/span>\n\t\t\t\t\t<\/button>\n\t\t\t\t<\/div>\n\t\t\t<\/div>\n\t\t<\/form>\n\t\t\t\t\t\t<\/div>\n\t\t\t\t<\/div>\n\t\t\t\t\t<\/div>\n\t\t\t\t<\/div>\n\t\t\t\t<\/div>\n\t\t","protected":false},"excerpt":{"rendered":"<p>Proyectos exclusivos Proyectos en curso Todos los proyectos Experiencia EUROOBJEKT Euroobjekt cuenta con m\u00e1s de 30 a\u00f1os de experiencia en inversiones inmobiliarias, realizadas con \u00e9xito en nombre propio o con inversores. La tradici\u00f3n se encuentra con la modernidad Nuestra fase de planificaci\u00f3n se basa en los elevados est\u00e1ndares alemanes y hace especial hincapi\u00e9 en los [&hellip;]<\/p>\n","protected":false},"author":1,"featured_media":0,"parent":0,"menu_order":0,"comment_status":"closed","ping_status":"closed","template":"","meta":{"_seopress_robots_primary_cat":"","_seopress_titles_title":"","_seopress_titles_desc":"","_seopress_robots_index":"","footnotes":""},"class_list":["post-1277","page","type-page","status-publish","hentry"],"_links":{"self":[{"href":"https:\/\/www.euroobjekt.com\/es\/wp-json\/wp\/v2\/pages\/1277","targetHints":{"allow":["GET"]}}],"collection":[{"href":"https:\/\/www.euroobjekt.com\/es\/wp-json\/wp\/v2\/pages"}],"about":[{"href":"https:\/\/www.euroobjekt.com\/es\/wp-json\/wp\/v2\/types\/page"}],"author":[{"embeddable":true,"href":"https:\/\/www.euroobjekt.com\/es\/wp-json\/wp\/v2\/users\/1"}],"replies":[{"embeddable":true,"href":"https:\/\/www.euroobjekt.com\/es\/wp-json\/wp\/v2\/comments?post=1277"}],"version-history":[{"count":0,"href":"https:\/\/www.euroobjekt.com\/es\/wp-json\/wp\/v2\/pages\/1277\/revisions"}],"wp:attachment":[{"href":"https:\/\/www.euroobjekt.com\/es\/wp-json\/wp\/v2\/media?parent=1277"}],"curies":[{"name":"wp","href":"https:\/\/api.w.org\/{rel}","templated":true}]}}